{"id":82,"date":"2022-12-07T09:37:13","date_gmt":"2022-12-07T09:37:13","guid":{"rendered":"https:\/\/landresponse.space\/?page_id=82"},"modified":"2026-01-05T19:48:41","modified_gmt":"2026-01-05T19:48:41","slug":"media","status":"publish","type":"page","link":"https:\/\/landresponse.space\/fr\/media\/","title":{"rendered":"M\u00e9dia"},"content":{"rendered":"","protected":false},"excerpt":{"rendered":"","protected":false},"author":1,"featured_media":0,"parent":0,"menu_order":5,"comment_status":"closed","ping_status":"closed","template":"","meta":{"nf_dc_page":""},"class_list":["post-82","page","type-page","status-publish","hentry"],"grid":"{\r\n  \"colCount\": 28,\r\n  \"colGutter\": 12,\r\n  \"rowGutters\": [\r\n    28,\r\n    28,\r\n    28,\r\n    28,\r\n    28,\r\n    28,\r\n    28,\r\n    28,\r\n    28,\r\n    28\r\n  ],\r\n  \"frameMargin\": 5,\r\n  \"leftFrameMargin\": 2,\r\n  \"rightFrameMargin\": 2,\r\n  \"topFrameMargin\": 150,\r\n  \"horizontalGrid\": {\r\n    \"show\": true,\r\n    \"space\": \"12\",\r\n    \"mu\": \"px\"\r\n  },\r\n  \"mus\": {\r\n    \"colGutterMu\": \"px\",\r\n    \"rowGutterMu\": \"px\",\r\n    \"topFrameMu\": \"px\",\r\n    \"bottomFrameMu\": \"%\",\r\n    \"frameMu\": \"px\"\r\n  },\r\n  \"bottomFrameMargin\": 2,\r\n  \"rowAttrs\": [\r\n    {\r\n      \"relid\": 28\r\n    },\r\n    {\r\n      \"relid\": 26\r\n    },\r\n    {\r\n      \"relid\": 23\r\n    },\r\n    {\r\n      \"relid\": 20\r\n    },\r\n    {\r\n      \"relid\": 17\r\n    },\r\n    {\r\n      \"relid\": 14\r\n    },\r\n    {\r\n      \"relid\": 11\r\n    },\r\n    {\r\n      \"relid\": 3\r\n    },\r\n    {\r\n      \"relid\": 6\r\n    },\r\n    {\r\n      \"relid\": 1\r\n    },\r\n    {\r\n      \"relid\": 8\r\n    }\r\n  ],\r\n  \"bgColor\": null,\r\n  \"bgImage\": null,\r\n  \"cont\": [\r\n    {\r\n      \"type\": \"text\",\r\n      \"cont\": \"<p class=\\\"_Titles\\\"><a rel=\\\"noopener\\\" href=\\\"https:\/\/www.youtube.com\/watch?v=U-Lap20AkdA\\\" target=\\\"_blank\\\">Conference sur \u00abLe soleil d\u00e9mocratique au village: \u00e9lites, l\u00e9gitimit\u00e9s et rentes\u00bb au Forum Universitaire de Bamako (FUB 2024) titled \u00abD\u00e9mocratie, libert\u00e9s et bien commun: le dilemme malien\u00bb\u00a0<\/a><\/p><p class=\\\"_People\\\"><span style=\\\"color: #808080;\\\">Avec I. Podiougou (2025)<\/span><\/p>\",\r\n      \"align\": \"top\",\r\n      \"row\": 0,\r\n      \"col\": 7,\r\n      \"colspan\": 14,\r\n      \"offsetx\": 0,\r\n      \"offsety\": 0,\r\n      \"spaceabove\": 0,\r\n      \"spacebelow\": 0,\r\n      \"yvel\": 1,\r\n      \"push\": 7,\r\n      \"relid\": 29,\r\n      \"horizontalIndex\": 0,\r\n      \"absolute_position\": false,\r\n      \"textAnimation\": {\r\n        \"enableTextAnimation\": false\r\n      },\r\n      \"frameOverflow\": \"\"\r\n    },\r\n    {\r\n      \"type\": \"text\",\r\n      \"cont\": \"<h1 class=\\\"_Titles\\\"><a rel=\\\"noopener\\\" href=\\\"https:\/\/www.youtube.com\/watch?v=JzCkLvfgS1I&amp;list=PLvk5ZNrdx6GWksWhSntTddhPn-E6t6TLf&amp;index=3\\\" target=\\\"_blank\\\">Conference sur l'\u00e9mancipation par la violence au Mali central au Forum Universitaire de Bamako (FUB 2023): \u00ab Prendre les armes : lorsque la rue est barr\u00e9e et la route impraticable, en quoi la violence est-elle un moyen d\u2019\u00e9mancipation ? \u00bb (sic)\u00a0<\/a><\/h1><p class=\\\"_People\\\"><span style=\\\"color: #808080;\\\">Avec I. Podiougou (2025)<br \/><\/span><\/p>\",\r\n      \"align\": \"top\",\r\n      \"row\": 1,\r\n      \"col\": 7,\r\n      \"colspan\": 14,\r\n      \"offsetx\": 0,\r\n      \"offsety\": 0,\r\n      \"spaceabove\": 0,\r\n      \"spacebelow\": 0,\r\n      \"yvel\": 1,\r\n      \"push\": 7,\r\n      \"relid\": 27,\r\n      \"horizontalIndex\": 0,\r\n      \"absolute_position\": false,\r\n      \"textAnimation\": {\r\n        \"enableTextAnimation\": false\r\n      },\r\n      \"frameOverflow\": \"\"\r\n    },\r\n    {\r\n      \"type\": \"img\",\r\n      \"cont\": \"\/wp-content\/uploads\/2023\/11\/panorama-nyheter-logo.png\",\r\n      \"align\": \"top\",\r\n      \"row\": 2,\r\n      \"col\": 4,\r\n      \"colspan\": 3,\r\n      \"offsetx\": 0,\r\n      \"offsety\": 0,\r\n      \"spaceabove\": 0,\r\n      \"spacebelow\": 0,\r\n      \"yvel\": 1,\r\n      \"push\": 4,\r\n      \"relid\": 25,\r\n      \"attid\": 294,\r\n      \"sizes\": {\r\n        \"full\": \"\/wp-content\/uploads\/2023\/11\/panorama-nyheter-logo.png\",\r\n        \"_1280\": \"\/wp-content\/uploads\/2023\/11\/panorama-nyheter-logo-1280x406.png\",\r\n        \"_1024\": \"\/wp-content\/uploads\/2023\/11\/panorama-nyheter-logo-1024x325.png\",\r\n        \"_768\": \"\/wp-content\/uploads\/2023\/11\/panorama-nyheter-logo-768x244.png\",\r\n        \"_512\": \"\/wp-content\/uploads\/2023\/11\/panorama-nyheter-logo-512x162.png\",\r\n        \"_265\": \"\/wp-content\/uploads\/2023\/11\/panorama-nyheter-logo-265x84.png\"\r\n      },\r\n      \"w\": 1532,\r\n      \"h\": 486,\r\n      \"ar\": 0.31723237597911225,\r\n      \"alt\": \"\",\r\n      \"horizontalIndex\": 0,\r\n      \"absolute_position\": false\r\n    },\r\n    {\r\n      \"type\": \"text\",\r\n      \"cont\": \"<h1 class=\\\"_Titles\\\"><a href=\\\"https:\/\/www.panoramanyheter.no\/mali-sahel-utsyn\/wagner-soldater-dokumenterer-sine-egne-grusomheter-i-afrika\/395779\\\">Wagner-soldater dokumenterer sine egne grusomheter i Afrika:<\/a><br \/><a href=\\\"https:\/\/www.panoramanyheter.no\/mali-sahel-utsyn\/wagner-soldater-dokumenterer-sine-egne-grusomheter-i-afrika\/395779\\\">Volden som beskrives av russiske Wagner-soldater i Afrika, er vond \u00e5 ta innover seg.<\/a><\/h1><p class=\\\"_Subtitles\\\">Par T. A. Benjaminsen (04.07.2025)<br \/>Panorama Nyheter (Norv\u00e9gien)<\/p>\",\r\n      \"align\": \"top\",\r\n      \"row\": 2,\r\n      \"col\": 7,\r\n      \"colspan\": 14,\r\n      \"offsetx\": 0,\r\n      \"offsety\": 0,\r\n      \"spaceabove\": 0,\r\n      \"spacebelow\": 0,\r\n      \"yvel\": 1,\r\n      \"push\": 0,\r\n      \"relid\": 24,\r\n      \"horizontalIndex\": 0,\r\n      \"absolute_position\": false\r\n    },\r\n    {\r\n      \"type\": \"img\",\r\n      \"cont\": \"\/wp-content\/uploads\/2024\/12\/Screenshot-88.png\",\r\n      \"align\": \"top\",\r\n      \"row\": 3,\r\n      \"col\": 4,\r\n      \"colspan\": 3,\r\n      \"offsetx\": 0,\r\n      \"offsety\": 0,\r\n      \"spaceabove\": 0,\r\n      \"spacebelow\": 0,\r\n      \"yvel\": 1,\r\n      \"push\": 4,\r\n      \"relid\": 22,\r\n      \"attid\": 308,\r\n      \"sizes\": {\r\n        \"full\": \"\/wp-content\/uploads\/2024\/12\/Screenshot-88.png\",\r\n        \"_768\": \"\/wp-content\/uploads\/2024\/12\/Screenshot-88-768x562.png\",\r\n        \"_512\": \"\/wp-content\/uploads\/2024\/12\/Screenshot-88-512x375.png\",\r\n        \"_265\": \"\/wp-content\/uploads\/2024\/12\/Screenshot-88-265x194.png\"\r\n      },\r\n      \"w\": 805,\r\n      \"h\": 589,\r\n      \"ar\": 0.7316770186335404,\r\n      \"alt\": \"\",\r\n      \"horizontalIndex\": 0,\r\n      \"absolute_position\": false,\r\n      \"frameOverflow\": \"\"\r\n    },\r\n    {\r\n      \"type\": \"text\",\r\n      \"cont\": \"<p><a href=\\\"https:\/\/www.youtube.com\/watch?v=dZkDqa9sKJE&amp;t=1s\\\">Climate Security and Climate Justice in the Sahel (Book launch)<\/a><\/p><p class=\\\"_Subtitles\\\">Le projet Landresponse, financ\u00e9 par l'ERC, est heureux d'annoncer le lancement du nouveau livre \\\"Climate Security and Climate Justice - Recognizing Context in the Sahel\\\" par le professeur Tor A. Benjaminsen (Department of International Environment and Development Studies, NMBU).<\/p><p class=\\\"_People\\\"><span style=\\\"color: #808080;\\\">Par T. A. Benjaminsen (15.11.2024)<br \/>NMBU<\/span><\/p>\",\r\n      \"align\": \"top\",\r\n      \"row\": 3,\r\n      \"col\": 7,\r\n      \"colspan\": 14,\r\n      \"offsetx\": 0,\r\n      \"offsety\": 0,\r\n      \"spaceabove\": 0,\r\n      \"spacebelow\": 0,\r\n      \"yvel\": 1,\r\n      \"push\": 0,\r\n      \"relid\": 21,\r\n      \"horizontalIndex\": 0,\r\n      \"absolute_position\": false\r\n    },\r\n    {\r\n      \"type\": \"img\",\r\n      \"cont\": \"\/wp-content\/uploads\/2023\/11\/panorama-nyheter-logo.png\",\r\n      \"align\": \"top\",\r\n      \"row\": 4,\r\n      \"col\": 4,\r\n      \"colspan\": 3,\r\n      \"offsetx\": 0,\r\n      \"offsety\": 0,\r\n      \"spaceabove\": 0,\r\n      \"spacebelow\": 0,\r\n      \"yvel\": 1,\r\n      \"push\": 4,\r\n      \"relid\": 18,\r\n      \"attid\": 294,\r\n      \"sizes\": {\r\n        \"full\": \"\/wp-content\/uploads\/2023\/11\/panorama-nyheter-logo.png\",\r\n        \"_1280\": \"\/wp-content\/uploads\/2023\/11\/panorama-nyheter-logo-1280x406.png\",\r\n        \"_1024\": \"\/wp-content\/uploads\/2023\/11\/panorama-nyheter-logo-1024x325.png\",\r\n        \"_768\": \"\/wp-content\/uploads\/2023\/11\/panorama-nyheter-logo-768x244.png\",\r\n        \"_512\": \"\/wp-content\/uploads\/2023\/11\/panorama-nyheter-logo-512x162.png\",\r\n        \"_265\": \"\/wp-content\/uploads\/2023\/11\/panorama-nyheter-logo-265x84.png\"\r\n      },\r\n      \"w\": 1532,\r\n      \"h\": 486,\r\n      \"ar\": 0.31723237597911225,\r\n      \"alt\": \"\",\r\n      \"horizontalIndex\": 0,\r\n      \"absolute_position\": false,\r\n      \"frameOverflow\": \"\"\r\n    },\r\n    {\r\n      \"type\": \"text\",\r\n      \"cont\": \"<p><span style=\\\"font-size: 30px;\\\"><a rel=\\\"noopener\\\" href=\\\"https:\/\/www.panoramanyheter.no\/burkina-faso-mali-sahel\/sahels-avkolonisering\/362001\\\" target=\\\"_blank\\\">Sahels avkolonisering: I Sahel st\u00e5r milit\u00e6rregimer mot jihadister i en kamp mellom vidt ulike forst\u00e5elser av avkolonisering - og langt fra den akademiske debatten<\/a><\/span><\/p><p class=\\\"_People\\\"><span style=\\\"color: #808080;\\\">Par T. A. Benjaminsen (21.03.2024)<br \/>Panorama Nyheter (Norvegi\u00e9n)<\/span><\/p>\",\r\n      \"align\": \"top\",\r\n      \"row\": 4,\r\n      \"col\": 7,\r\n      \"colspan\": 14,\r\n      \"offsetx\": 0,\r\n      \"offsety\": 0,\r\n      \"spaceabove\": 0,\r\n      \"spacebelow\": 0,\r\n      \"yvel\": 1,\r\n      \"push\": 0,\r\n      \"relid\": 19,\r\n      \"horizontalIndex\": 0,\r\n      \"absolute_position\": false,\r\n      \"textAnimation\": {\r\n        \"enableTextAnimation\": false\r\n      }\r\n    },\r\n    {\r\n      \"type\": \"img\",\r\n      \"cont\": \"\/wp-content\/uploads\/2024\/02\/logo-mondafrique-696x369-2903809276.jpg\",\r\n      \"align\": \"top\",\r\n      \"row\": 5,\r\n      \"col\": 4,\r\n      \"colspan\": 3,\r\n      \"offsetx\": 0,\r\n      \"offsety\": 0,\r\n      \"spaceabove\": 0,\r\n      \"spacebelow\": 0,\r\n      \"yvel\": 1,\r\n      \"push\": 4,\r\n      \"relid\": 16,\r\n      \"attid\": 299,\r\n      \"sizes\": {\r\n        \"full\": \"\/wp-content\/uploads\/2024\/02\/logo-mondafrique-696x369-2903809276.jpg\",\r\n        \"_512\": \"\/wp-content\/uploads\/2024\/02\/logo-mondafrique-696x369-2903809276-512x271.jpg\",\r\n        \"_265\": \"\/wp-content\/uploads\/2024\/02\/logo-mondafrique-696x369-2903809276-265x140.jpg\"\r\n      },\r\n      \"w\": 696,\r\n      \"h\": 369,\r\n      \"ar\": 0.5301724137931034,\r\n      \"alt\": \"\",\r\n      \"horizontalIndex\": 0,\r\n      \"absolute_position\": false,\r\n      \"frameOverflow\": \"\"\r\n    },\r\n    {\r\n      \"type\": \"text\",\r\n      \"cont\": \"<p><span style=\\\"font-size: 30px;\\\"><a rel=\\\"noopener\\\" href=\\\"https:\/\/mondafrique.com\/politique\/la-bataille-de-kidal-a-rebattu-les-cartes-de-la-guerre-au-mali\/\\\" target=\\\"_blank\\\">Boubacar Ba: \u00ab\u00a0la bataille de Kidal bouleverse la guerre au Mali\u00a0\u00bb<\/a><\/span><\/p><p class=\\\"_People\\\"><span style=\\\"color: #808080;\\\">Par Boubacar Ba (01.02.2024)<br \/>Mondafrique (Francais)<\/span><\/p>\",\r\n      \"align\": \"top\",\r\n      \"row\": 5,\r\n      \"col\": 7,\r\n      \"colspan\": 14,\r\n      \"offsetx\": 0,\r\n      \"offsety\": 0,\r\n      \"spaceabove\": 0,\r\n      \"spacebelow\": 0,\r\n      \"yvel\": 1,\r\n      \"push\": 0,\r\n      \"relid\": 15,\r\n      \"horizontalIndex\": 0,\r\n      \"absolute_position\": false,\r\n      \"frameOverflow\": \"\"\r\n    },\r\n    {\r\n      \"type\": \"img\",\r\n      \"cont\": \"\/wp-content\/uploads\/2023\/11\/panorama-nyheter-logo.png\",\r\n      \"align\": \"top\",\r\n      \"row\": 6,\r\n      \"col\": 4,\r\n      \"colspan\": 3,\r\n      \"offsetx\": 0,\r\n      \"offsety\": 0,\r\n      \"spaceabove\": 0,\r\n      \"spacebelow\": 0,\r\n      \"yvel\": 1,\r\n      \"push\": 4,\r\n      \"relid\": 13,\r\n      \"attid\": 294,\r\n      \"sizes\": {\r\n        \"full\": \"\/wp-content\/uploads\/2023\/11\/panorama-nyheter-logo.png\",\r\n        \"_1280\": \"\/wp-content\/uploads\/2023\/11\/panorama-nyheter-logo-1280x406.png\",\r\n        \"_1024\": \"\/wp-content\/uploads\/2023\/11\/panorama-nyheter-logo-1024x325.png\",\r\n        \"_768\": \"\/wp-content\/uploads\/2023\/11\/panorama-nyheter-logo-768x244.png\",\r\n        \"_512\": \"\/wp-content\/uploads\/2023\/11\/panorama-nyheter-logo-512x162.png\",\r\n        \"_265\": \"\/wp-content\/uploads\/2023\/11\/panorama-nyheter-logo-265x84.png\"\r\n      },\r\n      \"w\": 1532,\r\n      \"h\": 486,\r\n      \"ar\": 0.31723237597911225,\r\n      \"alt\": \"\",\r\n      \"horizontalIndex\": 0,\r\n      \"absolute_position\": false\r\n    },\r\n    {\r\n      \"type\": \"text\",\r\n      \"cont\": \"<h1 class=\\\"_Titles\\\"><a rel=\\\"noopener\\\" href=\\\"https:\/\/www.panoramanyheter.no\/afrika-migranter-sahel\/den-oversette-faktoren-i-diskusjoner-om-utvandring-fra-afrika\/354194\\\" target=\\\"_blank\\\">Den oversette faktoren i diskusjoner om utvandring fra Afrika<\/a><\/h1><p class=\\\"_Subtitles\\\">Par T. A. Benjaminsen (15.12.2023)<br \/>Panorama Nyheter (Norv\u00e9gien)<\/p>\",\r\n      \"align\": \"top\",\r\n      \"row\": 6,\r\n      \"col\": 7,\r\n      \"colspan\": 14,\r\n      \"offsetx\": 0,\r\n      \"offsety\": 0,\r\n      \"spaceabove\": 0,\r\n      \"spacebelow\": 0,\r\n      \"yvel\": 1,\r\n      \"push\": 0,\r\n      \"relid\": 12,\r\n      \"horizontalIndex\": 0,\r\n      \"absolute_position\": false\r\n    },\r\n    {\r\n      \"type\": \"img\",\r\n      \"cont\": \"\/wp-content\/uploads\/2023\/11\/panorama-nyheter-logo.png\",\r\n      \"align\": \"top\",\r\n      \"row\": 7,\r\n      \"col\": 4,\r\n      \"colspan\": 3,\r\n      \"offsetx\": 0,\r\n      \"offsety\": 0,\r\n      \"spaceabove\": 0,\r\n      \"spacebelow\": 0,\r\n      \"yvel\": 1,\r\n      \"push\": 4,\r\n      \"relid\": 4,\r\n      \"attid\": 294,\r\n      \"sizes\": {\r\n        \"full\": \"\/wp-content\/uploads\/2023\/11\/panorama-nyheter-logo.png\",\r\n        \"_1280\": \"\/wp-content\/uploads\/2023\/11\/panorama-nyheter-logo-1280x406.png\",\r\n        \"_1024\": \"\/wp-content\/uploads\/2023\/11\/panorama-nyheter-logo-1024x325.png\",\r\n        \"_768\": \"\/wp-content\/uploads\/2023\/11\/panorama-nyheter-logo-768x244.png\",\r\n        \"_512\": \"\/wp-content\/uploads\/2023\/11\/panorama-nyheter-logo-512x162.png\",\r\n        \"_265\": \"\/wp-content\/uploads\/2023\/11\/panorama-nyheter-logo-265x84.png\"\r\n      },\r\n      \"w\": 1532,\r\n      \"h\": 486,\r\n      \"ar\": 0.31723237597911225,\r\n      \"alt\": \"\",\r\n      \"horizontalIndex\": 0,\r\n      \"absolute_position\": false\r\n    },\r\n    {\r\n      \"type\": \"text\",\r\n      \"cont\": \"<p class=\\\"_Titles\\\"><a href=\\\"https:\/\/www.panoramanyheter.no\/kultur-mali-sahel\/salif-keita-og-vestens-dobbeltmoral\/345378\\\">Salif Keita og Vestens dobbeltmoral<\/a><\/p><p class=\\\"_Subtitles\\\"><span class=\\\"firstname\\\">Par I.<\/span><span>\u00a0<\/span><span class=\\\"lastname\\\">Poudiougou and <\/span>T. A. Benjaminsen (12.09.2023)<br \/>Panorama Nyheter (Norv\u00e9gien)<em><br \/><\/em><\/p><p class=\\\"_Default\\\">\u00a0<\/p>\",\r\n      \"align\": \"top\",\r\n      \"row\": 7,\r\n      \"col\": 7,\r\n      \"colspan\": 14,\r\n      \"offsetx\": 0,\r\n      \"offsety\": 0,\r\n      \"spaceabove\": 0,\r\n      \"spacebelow\": 0,\r\n      \"yvel\": 1,\r\n      \"push\": 0,\r\n      \"relid\": 10,\r\n      \"horizontalIndex\": 0,\r\n      \"absolute_position\": false\r\n    },\r\n    {\r\n      \"type\": \"img\",\r\n      \"cont\": \"\/wp-content\/uploads\/2023\/11\/aftenposten_logo.jpeg\",\r\n      \"align\": \"top\",\r\n      \"row\": 8,\r\n      \"col\": 4,\r\n      \"colspan\": 3,\r\n      \"offsetx\": 0,\r\n      \"offsety\": 0,\r\n      \"spaceabove\": 0,\r\n      \"spacebelow\": 0,\r\n      \"yvel\": 1,\r\n      \"push\": 4,\r\n      \"relid\": 5,\r\n      \"attid\": 293,\r\n      \"sizes\": {\r\n        \"full\": \"\/wp-content\/uploads\/2023\/11\/aftenposten_logo.jpeg\",\r\n        \"_512\": \"\/wp-content\/uploads\/2023\/11\/aftenposten_logo-512x511.jpeg\",\r\n        \"_265\": \"\/wp-content\/uploads\/2023\/11\/aftenposten_logo-265x265.jpeg\"\r\n      },\r\n      \"w\": 600,\r\n      \"h\": 599,\r\n      \"ar\": 0.9983333333333333,\r\n      \"alt\": \"\",\r\n      \"horizontalIndex\": 0,\r\n      \"absolute_position\": false,\r\n      \"frameOverflow\": \"\"\r\n    },\r\n    {\r\n      \"type\": \"text\",\r\n      \"cont\": \"<p class=\\\"_Titles\\\"><span style=\\\"font-family: Alpha-Medium;\\\"><a rel=\\\"noopener\\\" href=\\\"https:\/\/www.aftenposten.no\/meninger\/kronikk\/i\/wALQdP\/hvorfor-er-sahel-blitt-antifransk\\\" target=\\\"_blank\\\">Hvorfor er Sahel blitt antifransk?<\/a><\/span><\/p><p class=\\\"_Subtitles\\\">Par T. A. Benjaminsen (14.08.2023)<br \/>Aftenposten (Norv\u00e9gien)<\/p>\",\r\n      \"align\": \"top\",\r\n      \"row\": 8,\r\n      \"col\": 7,\r\n      \"colspan\": 14,\r\n      \"offsetx\": 0,\r\n      \"offsety\": 0,\r\n      \"spaceabove\": 0,\r\n      \"spacebelow\": 0,\r\n      \"yvel\": 1,\r\n      \"push\": 0,\r\n      \"relid\": 7,\r\n      \"absolute_position\": false\r\n    },\r\n    {\r\n      \"type\": \"img\",\r\n      \"cont\": \"\/wp-content\/uploads\/2023\/11\/panorama-nyheter-logo.png\",\r\n      \"align\": \"top\",\r\n      \"row\": 9,\r\n      \"col\": 4,\r\n      \"colspan\": 3,\r\n      \"offsetx\": 0,\r\n      \"offsety\": 0,\r\n      \"spaceabove\": 0,\r\n      \"spacebelow\": 0,\r\n      \"yvel\": 1,\r\n      \"push\": 4,\r\n      \"relid\": 9,\r\n      \"attid\": 294,\r\n      \"sizes\": {\r\n        \"full\": \"\/wp-content\/uploads\/2023\/11\/panorama-nyheter-logo.png\",\r\n        \"_1280\": \"\/wp-content\/uploads\/2023\/11\/panorama-nyheter-logo-1280x406.png\",\r\n        \"_1024\": \"\/wp-content\/uploads\/2023\/11\/panorama-nyheter-logo-1024x325.png\",\r\n        \"_768\": \"\/wp-content\/uploads\/2023\/11\/panorama-nyheter-logo-768x244.png\",\r\n        \"_512\": \"\/wp-content\/uploads\/2023\/11\/panorama-nyheter-logo-512x162.png\",\r\n        \"_265\": \"\/wp-content\/uploads\/2023\/11\/panorama-nyheter-logo-265x84.png\"\r\n      },\r\n      \"w\": 1532,\r\n      \"h\": 486,\r\n      \"ar\": 0.31723237597911225,\r\n      \"alt\": \"\",\r\n      \"horizontalIndex\": 0,\r\n      \"absolute_position\": false\r\n    },\r\n    {\r\n      \"type\": \"text\",\r\n      \"cont\": \"<p class=\\\"_Titles\\\"><span style=\\\"font-family: Alpha-Medium;\\\"><a href=\\\"https:\/\/www.panoramanyheter.no\/fns-fredsbevarende-styrker-jihadisme-krig-og-konflikt\/mali-gar-fra-vondt-til-verre\/327052\\\">Mali g\u00e5r fra vondt til verre<\/a><\/span><\/p><p class=\\\"_Subtitles\\\">Par T. A. Benjaminsen (27.01.2023)<br \/>Panorama Nyheter (Norv\u00e9gien)<em><\/em><\/p>\",\r\n      \"align\": \"top\",\r\n      \"row\": 9,\r\n      \"col\": 7,\r\n      \"colspan\": 14,\r\n      \"offsetx\": 0,\r\n      \"offsety\": 0,\r\n      \"spaceabove\": 0,\r\n      \"spacebelow\": 0,\r\n      \"yvel\": 1,\r\n      \"push\": 0,\r\n      \"relid\": 2,\r\n      \"absolute_position\": false\r\n    }\r\n  ]\r\n}","phonegrid":"","_links":{"self":[{"href":"https:\/\/landresponse.space\/fr\/wp-json\/wp\/v2\/pages\/82","targetHints":{"allow":["GET"]}}],"collection":[{"href":"https:\/\/landresponse.space\/fr\/wp-json\/wp\/v2\/pages"}],"about":[{"href":"https:\/\/landresponse.space\/fr\/wp-json\/wp\/v2\/types\/page"}],"author":[{"embeddable":true,"href":"https:\/\/landresponse.space\/fr\/wp-json\/wp\/v2\/users\/1"}],"replies":[{"embeddable":true,"href":"https:\/\/landresponse.space\/fr\/wp-json\/wp\/v2\/comments?post=82"}],"version-history":[{"count":0,"href":"https:\/\/landresponse.space\/fr\/wp-json\/wp\/v2\/pages\/82\/revisions"}],"wp:attachment":[{"href":"https:\/\/landresponse.space\/fr\/wp-json\/wp\/v2\/media?parent=82"}],"curies":[{"name":"wp","href":"https:\/\/api.w.org\/{rel}","templated":true}]}}