{"id":79,"date":"2022-12-07T09:37:11","date_gmt":"2022-12-07T09:37:11","guid":{"rendered":"https:\/\/landresponse.space\/?page_id=79"},"modified":"2023-12-13T14:12:41","modified_gmt":"2023-12-13T14:12:41","slug":"projet","status":"publish","type":"page","link":"https:\/\/landresponse.space\/fr\/projet\/","title":{"rendered":"Le Projet"},"content":{"rendered":"","protected":false},"excerpt":{"rendered":"","protected":false},"author":1,"featured_media":0,"parent":0,"menu_order":1,"comment_status":"closed","ping_status":"closed","template":"","meta":{"nf_dc_page":""},"class_list":["post-79","page","type-page","status-publish","hentry"],"grid":"{\r\n  \"colCount\": 28,\r\n  \"colGutter\": 12,\r\n  \"rowGutters\": [\r\n    28,\r\n    28,\r\n    28,\r\n    28\r\n  ],\r\n  \"frameMargin\": 5,\r\n  \"leftFrameMargin\": 2,\r\n  \"rightFrameMargin\": 2,\r\n  \"topFrameMargin\": 150,\r\n  \"horizontalGrid\": {\r\n    \"show\": true,\r\n    \"space\": \"12\",\r\n    \"mu\": \"px\"\r\n  },\r\n  \"mus\": {\r\n    \"topFrameMu\": \"px\"\r\n  },\r\n  \"bottomFrameMargin\": 2,\r\n  \"rowAttrs\": [\r\n    {\r\n      \"relid\": 9\r\n    },\r\n    {\r\n      \"relid\": 6\r\n    },\r\n    {\r\n      \"relid\": 277\r\n    },\r\n    {\r\n      \"relid\": 11\r\n    },\r\n    {\r\n      \"relid\": 2\r\n    }\r\n  ],\r\n  \"bgColor\": null,\r\n  \"bgImage\": null,\r\n  \"cont\": [\r\n    {\r\n      \"type\": \"img\",\r\n      \"cont\": \"\/wp-content\/uploads\/2023\/11\/Landresponse-team-pic.jpg\",\r\n      \"align\": \"top\",\r\n      \"row\": 0,\r\n      \"col\": 7,\r\n      \"colspan\": 17,\r\n      \"offsetx\": 0,\r\n      \"offsety\": 0,\r\n      \"spaceabove\": 0,\r\n      \"spacebelow\": 0,\r\n      \"yvel\": 1,\r\n      \"push\": 7,\r\n      \"relid\": 10,\r\n      \"attid\": 292,\r\n      \"sizes\": {\r\n        \"full\": \"\/wp-content\/uploads\/2023\/11\/Landresponse-team-pic.jpg\",\r\n        \"_1280\": \"\/wp-content\/uploads\/2023\/11\/Landresponse-team-pic-1280x828.jpg\",\r\n        \"_1024\": \"\/wp-content\/uploads\/2023\/11\/Landresponse-team-pic-1024x663.jpg\",\r\n        \"_768\": \"\/wp-content\/uploads\/2023\/11\/Landresponse-team-pic-768x497.jpg\",\r\n        \"_512\": \"\/wp-content\/uploads\/2023\/11\/Landresponse-team-pic-512x331.jpg\",\r\n        \"_265\": \"\/wp-content\/uploads\/2023\/11\/Landresponse-team-pic-265x171.jpg\"\r\n      },\r\n      \"w\": 1400,\r\n      \"h\": 906,\r\n      \"ar\": 0.6471428571428571,\r\n      \"alt\": \"\",\r\n      \"horizontalIndex\": 0,\r\n      \"absolute_position\": false,\r\n      \"caption\": \"<p><span style=\\\"font-size: 25px;\\\">Un projet du NMBU, financ\u00e9 par le <a rel=\\\"noopener\\\" href=\\\"https:\/\/cordis.europa.eu\/project\/id\/101054410\\\" target=\\\"_blank\\\">Conseil Europ\u00e9en de la Recherche (2022-2027)<\/a><br \/><\/span><\/p>\"\r\n    },\r\n    {\r\n      \"type\": \"text\",\r\n      \"cont\": \"<p><span style=\\\"font-weight: 400;\\\">Le Sahel africain a connu une escalade de crise au cours de la derni\u00e8re d\u00e9cennie. Il s\u2019agit avant tout d\u2019une crise politique et de gouvernance conduisant \u00e0 une insurrection arm\u00e9e \u00ab djihadiste \u00bb qui a d\u2019abord \u00e9merg\u00e9 dans le nord du Mali et le nord du Nigeria et qui s\u2019est ensuite \u00e9tendue aux r\u00e9gions et pays voisins. En outre, la migration du Sahel vers la r\u00e9gion m\u00e9diterran\u00e9enne a augment\u00e9 et a culmin\u00e9 lors de la crise des r\u00e9fugi\u00e9s en Europe en 2015. Depuis lors, les mesures initi\u00e9es par l'UE tant au Sahel qu'en Afrique du Nord ont consid\u00e9rablement r\u00e9duit le flux de migrants. Pourtant, en 2019, 24 000 migrants ont emprunt\u00e9 la route occidentale et 14 000 la route centrale pour atteindre les c\u00f4tes nord-africaines, dont plus de la moiti\u00e9 venaient d\u2019Afrique de l\u2019Ouest, y compris des pays sah\u00e9liens (Fargues &amp; Rango 2020).<\/span><\/p><p><span style=\\\"font-weight: 400;\\\">Il existe cependant des lacunes consid\u00e9rables dans les connaissances sur les raisons pour lesquelles un nombre croissant de jeunes hommes au Sahel choisissent de rejoindre des groupes d\u2019insurrection violents et pourquoi un si grand nombre d\u2019entre eux cherchent \u00e9galement \u00e0 quitter la r\u00e9gion. La litt\u00e9rature acad\u00e9mique fait souvent r\u00e9f\u00e9rence \u00e0 des causes g\u00e9n\u00e9rales telles que la pauvret\u00e9 et le ch\u00f4mage. En outre, le changement climatique et la croissance d\u00e9mographique sont parfois ajout\u00e9s comme causes, en particulier dans la litt\u00e9rature plus orient\u00e9e vers les politiques, ainsi que dans les m\u00e9dias. LANDRESPONSE vise \u00e0 d\u00e9passer ces g\u00e9n\u00e9ralit\u00e9s afin de formuler les m\u00e9canismes sp\u00e9cifiques qui r\u00e9sultent du manque d'alternatives pour les jeunes du Sahel.<\/span><\/p><p><span style=\\\"font-weight: 400;\\\">L'hypoth\u00e8se de la proposition est que la d\u00e9possession des terres, un processus consistant \u00e0 chasser les petits agriculteurs et les \u00e9leveurs (ci-apr\u00e8s appel\u00e9s petits exploitants) de leurs terres et de leurs ressources cl\u00e9s, souvent associ\u00e9 \u00e0 la corruption du gouvernement et \u00e0 la recherche de rentes (appel\u00e9 capture par l'\u00e9lite dans la proposition), sert de le principal moteur de l\u2019augmentation de la violence djihadiste et de la migration au Sahel.<\/span><\/p>\",\r\n      \"align\": \"top\",\r\n      \"row\": 1,\r\n      \"col\": 7,\r\n      \"colspan\": 17,\r\n      \"offsetx\": 0,\r\n      \"offsety\": 0,\r\n      \"spaceabove\": 0,\r\n      \"spacebelow\": 0,\r\n      \"yvel\": 1,\r\n      \"push\": 7,\r\n      \"relid\": 1,\r\n      \"absolute_position\": false,\r\n      \"horizontalIndex\": 0\r\n    },\r\n    {\r\n      \"type\": \"img\",\r\n      \"cont\": \"\/wp-content\/uploads\/2022\/12\/UMB-019750.jpg\",\r\n      \"align\": \"top\",\r\n      \"row\": 2,\r\n      \"col\": 7,\r\n      \"colspan\": 17,\r\n      \"offsetx\": 0,\r\n      \"offsety\": 0,\r\n      \"spaceabove\": 0,\r\n      \"spacebelow\": 0,\r\n      \"yvel\": 1,\r\n      \"push\": 7,\r\n      \"relid\": 13,\r\n      \"attid\": 157,\r\n      \"sizes\": {\r\n        \"full\": \"\/wp-content\/uploads\/2022\/12\/UMB-019750.jpg\"\r\n      },\r\n      \"w\": 4072,\r\n      \"h\": 2716,\r\n      \"ar\": 0.6669941060903732,\r\n      \"alt\": \"\",\r\n      \"horizontalIndex\": 0,\r\n      \"absolute_position\": false,\r\n      \"frameOverflow\": \"\"\r\n    },\r\n    {\r\n      \"type\": \"text\",\r\n      \"cont\": \"<p><span style=\\\"font-weight: 400;\\\">LANDRESPONSE consid\u00e8re les conflits et la migration comme des processus parall\u00e8les motiv\u00e9s par les in\u00e9galit\u00e9s et l\u2019injustice. Ces deux processus interconnect\u00e9s de d\u00e9possession des terres et de capture par les \u00e9lites poussent les petits exploitants vers deux r\u00e9ponses principales : rejoindre la r\u00e9sistance violente ou migrer. En outre, les r\u00e9ponses ci-dessous peuvent \u00e9galement prendre la forme d\u2019une conformit\u00e9 ou d\u2019une adaptation \u00e0 une gouvernance descendante (Oliver-Smith 2010). <\/span><\/p><p><span style=\\\"font-weight: 400;\\\">LANDRESPONSE inclura \u00e9galement, \u00e0 des fins comparatives, une \u00e9tude de ces r\u00e9ponses afin d'expliquer pourquoi certaines personnes choisissent de migrer ou de r\u00e9sister violemment, tandis que d'autres restent conformes.<\/span><\/p><ol><li><span style=\\\"font-weight: 400;\\\">Par cons\u00e9quent, le premier objectif du projet sera de d\u00e9terminer si les petits <\/span><span style=\\\"font-weight: 400;\\\">exploitants du Sahel ouest-africain qui sont d\u00e9poss\u00e9d\u00e9s de leurs terres et\/ou victimes des \u00e9lites en qu\u00eate de rente sont plus enclins \u00e0 r\u00e9sister violemment ou \u00e0 migrer et ce qui les motive. prendre une direction plut\u00f4t qu\u2019une autre.<br \/><br \/><\/span><\/li><li>Le deuxi\u00e8me objectif \u00e9valuera pourquoi certains petits exploitants sont plus enclins \u00e0 r\u00e9sister, m\u00eame violemment, tandis que d'autres restent conformes.<\/li><\/ol>\",\r\n      \"align\": \"top\",\r\n      \"row\": 3,\r\n      \"col\": 7,\r\n      \"colspan\": 17,\r\n      \"offsetx\": 0,\r\n      \"offsety\": 0,\r\n      \"spaceabove\": 0,\r\n      \"spacebelow\": 0,\r\n      \"yvel\": 1,\r\n      \"push\": 7,\r\n      \"relid\": 12,\r\n      \"horizontalIndex\": 0,\r\n      \"absolute_position\": false\r\n    }\r\n  ]\r\n}","phonegrid":"","_links":{"self":[{"href":"https:\/\/landresponse.space\/fr\/wp-json\/wp\/v2\/pages\/79","targetHints":{"allow":["GET"]}}],"collection":[{"href":"https:\/\/landresponse.space\/fr\/wp-json\/wp\/v2\/pages"}],"about":[{"href":"https:\/\/landresponse.space\/fr\/wp-json\/wp\/v2\/types\/page"}],"author":[{"embeddable":true,"href":"https:\/\/landresponse.space\/fr\/wp-json\/wp\/v2\/users\/1"}],"replies":[{"embeddable":true,"href":"https:\/\/landresponse.space\/fr\/wp-json\/wp\/v2\/comments?post=79"}],"version-history":[{"count":0,"href":"https:\/\/landresponse.space\/fr\/wp-json\/wp\/v2\/pages\/79\/revisions"}],"wp:attachment":[{"href":"https:\/\/landresponse.space\/fr\/wp-json\/wp\/v2\/media?parent=79"}],"curies":[{"name":"wp","href":"https:\/\/api.w.org\/{rel}","templated":true}]}}