{"id":290,"date":"2023-11-07T09:14:17","date_gmt":"2023-11-07T09:14:17","guid":{"rendered":"https:\/\/landresponse.space\/media-contributions-copy\/"},"modified":"2024-12-04T14:43:16","modified_gmt":"2024-12-04T14:43:16","slug":"evenements","status":"publish","type":"page","link":"https:\/\/landresponse.space\/fr\/evenements\/","title":{"rendered":"Ev\u00e9nements"},"content":{"rendered":"","protected":false},"excerpt":{"rendered":"","protected":false},"author":1,"featured_media":0,"parent":0,"menu_order":6,"comment_status":"closed","ping_status":"closed","template":"","meta":{"nf_dc_page":""},"class_list":["post-290","page","type-page","status-publish","hentry"],"grid":"{\r\n  \"colCount\": 28,\r\n  \"colGutter\": 12,\r\n  \"rowGutters\": [\r\n    28,\r\n    28\r\n  ],\r\n  \"frameMargin\": 5,\r\n  \"leftFrameMargin\": 2,\r\n  \"rightFrameMargin\": 2,\r\n  \"topFrameMargin\": 150,\r\n  \"horizontalGrid\": {\r\n    \"show\": true,\r\n    \"space\": \"12\",\r\n    \"mu\": \"px\"\r\n  },\r\n  \"mus\": {\r\n    \"colGutterMu\": \"px\",\r\n    \"rowGutterMu\": \"px\",\r\n    \"topFrameMu\": \"px\",\r\n    \"bottomFrameMu\": \"%\",\r\n    \"frameMu\": \"px\"\r\n  },\r\n  \"bottomFrameMargin\": 2,\r\n  \"rowAttrs\": [\r\n    {\r\n      \"relid\": 3\r\n    },\r\n    {\r\n      \"relid\": 6\r\n    },\r\n    {\r\n      \"relid\": 1\r\n    }\r\n  ],\r\n  \"bgColor\": null,\r\n  \"bgImage\": null,\r\n  \"cont\": [\r\n    {\r\n      \"type\": \"img\",\r\n      \"cont\": \"\/wp-content\/uploads\/2024\/12\/Screenshot-88.png\",\r\n      \"align\": \"top\",\r\n      \"row\": 0,\r\n      \"col\": 4,\r\n      \"colspan\": 3,\r\n      \"offsetx\": 0,\r\n      \"offsety\": 0,\r\n      \"spaceabove\": 0,\r\n      \"spacebelow\": 0,\r\n      \"yvel\": 1,\r\n      \"push\": 4,\r\n      \"relid\": 9,\r\n      \"attid\": 308,\r\n      \"sizes\": {\r\n        \"full\": \"\/wp-content\/uploads\/2024\/12\/Screenshot-88.png\",\r\n        \"_768\": \"\/wp-content\/uploads\/2024\/12\/Screenshot-88-768x562.png\",\r\n        \"_512\": \"\/wp-content\/uploads\/2024\/12\/Screenshot-88-512x375.png\",\r\n        \"_265\": \"\/wp-content\/uploads\/2024\/12\/Screenshot-88-265x194.png\"\r\n      },\r\n      \"w\": 805,\r\n      \"h\": 589,\r\n      \"ar\": 0.7316770186335404,\r\n      \"alt\": \"\",\r\n      \"horizontalIndex\": 0,\r\n      \"absolute_position\": false,\r\n      \"frameOverflow\": \"\"\r\n    },\r\n    {\r\n      \"type\": \"text\",\r\n      \"cont\": \"<p><a href=\\\"https:\/\/www.nmbu.no\/en\/faculties\/faculty-landscape-and-society\/events\/climate-security-and-climate-justice-sahel-book\\\">S\u00e9curit\u00e9 et justice climatiques au Sahel (Lancement du livre)<\/a><\/p><p class=\\\"_Subtitles\\\">\u00c0 \u00c5s (15i\u00e9me November 2024)<\/p><p class=\\\"_People\\\">Le projet Landresponse a organis\u00e9 le lancement du nouveau livre de Tor \u00e0 la biblioth\u00e8que universitaire NMBU. L'\u00e9v\u00e9nement a donn\u00e9 lieu \u00e0 deux d\u00e9bats d'experts sur les th\u00e8mes suivants :<br \/>(1) Quelles sont les causes profondes de la crise au Sahel? et<br \/>(2) S\u00e9curit\u00e9 climatique et contexte - pourquoi certains r\u00e9cits dominent-ils l'histoire du Sahel?<\/p><p class=\\\"_People\\\">Parmi les participants figuraient des chercheurs de premier plan dans ce domaine: Camilla Toulmin, Mirjam De Bruijn, Halvard Buhaug, Jan Selby, Ibrahima Poudiougou et Boubacar Ba.<\/p><p class=\\\"_People\\\">L'\u00e9v\u00e9nement a \u00e9t\u00e9 retransmis en direct et l'enregistrement est disponible ici :<br \/><a href=\\\"https:\/\/www.youtube.com\/watch?v=dZkDqa9sKJE&amp;t=1s\\\">Book launch: Climate Security and Climate Justice in the Sahel - YouTube<\/a><\/p><p class=\\\"_People\\\">\u00a0<\/p>\",\r\n      \"align\": \"top\",\r\n      \"row\": 0,\r\n      \"col\": 7,\r\n      \"colspan\": 14,\r\n      \"offsetx\": 0,\r\n      \"offsety\": 0,\r\n      \"spaceabove\": 0,\r\n      \"spacebelow\": 0,\r\n      \"yvel\": 1,\r\n      \"push\": 0,\r\n      \"relid\": 5,\r\n      \"horizontalIndex\": 0,\r\n      \"absolute_position\": false\r\n    },\r\n    {\r\n      \"type\": \"text\",\r\n      \"cont\": \"<p class=\\\"_Titles\\\">\u00c1telier sur les d\u00e9possessions de terres, les conflits violents et les migrations au Sahel<\/p><p class=\\\"_Subtitles\\\">\u00c0 Bamako (15 au 16i\u00e9me Novembre 2023)<\/p><p class=\\\"_People\\\">L'\u00e9quipe du projet Landresponse s'est r\u00e9unie \u00e0 Bamako les 15 et 16 novembre 2023 pour discuter avec divers chercheurs externes, notamment de l'ULSHB Bamako, du CRASH et de la Land Deal Politics Initiative, des ph\u00e9nom\u00e8nes de d\u00e9possessions fonci\u00e8res, de conflits et de migrations au Sahel.<\/p>\",\r\n      \"align\": \"top\",\r\n      \"row\": 1,\r\n      \"col\": 7,\r\n      \"colspan\": 14,\r\n      \"offsetx\": 0,\r\n      \"offsety\": 0,\r\n      \"spaceabove\": 0,\r\n      \"spacebelow\": 0,\r\n      \"yvel\": 1,\r\n      \"push\": 7,\r\n      \"relid\": 7,\r\n      \"absolute_position\": false\r\n    }\r\n  ]\r\n}","phonegrid":"","_links":{"self":[{"href":"https:\/\/landresponse.space\/fr\/wp-json\/wp\/v2\/pages\/290","targetHints":{"allow":["GET"]}}],"collection":[{"href":"https:\/\/landresponse.space\/fr\/wp-json\/wp\/v2\/pages"}],"about":[{"href":"https:\/\/landresponse.space\/fr\/wp-json\/wp\/v2\/types\/page"}],"author":[{"embeddable":true,"href":"https:\/\/landresponse.space\/fr\/wp-json\/wp\/v2\/users\/1"}],"replies":[{"embeddable":true,"href":"https:\/\/landresponse.space\/fr\/wp-json\/wp\/v2\/comments?post=290"}],"version-history":[{"count":0,"href":"https:\/\/landresponse.space\/fr\/wp-json\/wp\/v2\/pages\/290\/revisions"}],"wp:attachment":[{"href":"https:\/\/landresponse.space\/fr\/wp-json\/wp\/v2\/media?parent=290"}],"curies":[{"name":"wp","href":"https:\/\/api.w.org\/{rel}","templated":true}]}}